{"id":700,"date":"2023-07-08T17:27:33","date_gmt":"2023-07-08T17:27:33","guid":{"rendered":"https:\/\/laura-dent.com\/?page_id=700"},"modified":"2023-07-17T18:41:56","modified_gmt":"2023-07-17T18:41:56","slug":"laura-dent-implantet","status":"publish","type":"page","link":"https:\/\/laura-dent.com\/index.php\/laura-dent-implantet\/","title":{"rendered":"Implantet"},"content":{"rendered":"\t\t<div data-elementor-type=\"wp-page\" data-elementor-id=\"700\" class=\"elementor elementor-700\">\n\t\t\t\t\t\t\t\t\t<section class=\"elementor-section elementor-top-section elementor-element elementor-element-f7544af elementor-section-boxed elementor-section-height-default elementor-section-height-default\" data-id=\"f7544af\" data-element_type=\"section\" data-settings=\"{&quot;background_background&quot;:&quot;classic&quot;}\">\n\t\t\t\t\t\t\t<div class=\"elementor-background-overlay\"><\/div>\n\t\t\t\t\t\t\t<div class=\"elementor-container elementor-column-gap-default\">\n\t\t\t\t\t<div class=\"elementor-column elementor-col-100 elementor-top-column elementor-element elementor-element-910f1f8\" data-id=\"910f1f8\" data-element_type=\"column\">\n\t\t\t<div class=\"elementor-widget-wrap elementor-element-populated\">\n\t\t\t\t\t\t\t\t<div class=\"elementor-element elementor-element-79008b2 elementor-widget elementor-widget-heading\" data-id=\"79008b2\" data-element_type=\"widget\" data-widget_type=\"heading.default\">\n\t\t\t\t<div class=\"elementor-widget-container\">\n\t\t\t<style>\/*! elementor - v3.13.3 - 28-05-2023 *\/\n.elementor-heading-title{padding:0;margin:0;line-height:1}.elementor-widget-heading .elementor-heading-title[class*=elementor-size-]>a{color:inherit;font-size:inherit;line-height:inherit}.elementor-widget-heading .elementor-heading-title.elementor-size-small{font-size:15px}.elementor-widget-heading .elementor-heading-title.elementor-size-medium{font-size:19px}.elementor-widget-heading .elementor-heading-title.elementor-size-large{font-size:29px}.elementor-widget-heading .elementor-heading-title.elementor-size-xl{font-size:39px}.elementor-widget-heading .elementor-heading-title.elementor-size-xxl{font-size:59px}<\/style><h3 class=\"elementor-heading-title elementor-size-small\">IMPLANTET<\/h3>\t\t<\/div>\n\t\t\t\t<\/div>\n\t\t\t\t\t<\/div>\n\t\t<\/div>\n\t\t\t\t\t\t\t<\/div>\n\t\t<\/section>\n\t\t\t\t<section class=\"elementor-section elementor-top-section elementor-element elementor-element-cb9547a elementor-section-boxed elementor-section-height-default elementor-section-height-default\" data-id=\"cb9547a\" data-element_type=\"section\">\n\t\t\t\t\t\t<div class=\"elementor-container elementor-column-gap-default\">\n\t\t\t\t\t<div class=\"elementor-column elementor-col-50 elementor-top-column elementor-element elementor-element-f9eb0fc\" data-id=\"f9eb0fc\" data-element_type=\"column\">\n\t\t\t<div class=\"elementor-widget-wrap elementor-element-populated\">\n\t\t\t\t\t\t\t\t<div class=\"elementor-element elementor-element-6590f4e elementor-widget elementor-widget-image\" data-id=\"6590f4e\" data-element_type=\"widget\" data-widget_type=\"image.default\">\n\t\t\t\t<div class=\"elementor-widget-container\">\n\t\t\t<style>\/*! elementor - v3.13.3 - 28-05-2023 *\/\n.elementor-widget-image{text-align:center}.elementor-widget-image a{display:inline-block}.elementor-widget-image a img[src$=\".svg\"]{width:48px}.elementor-widget-image img{vertical-align:middle;display:inline-block}<\/style>\t\t\t\t\t\t\t\t\t\t\t\t<img loading=\"lazy\" decoding=\"async\" width=\"800\" height=\"380\" src=\"https:\/\/laura-dent.com\/wp-content\/uploads\/2023\/07\/all-on-6-dental-implants-banner-the-dental-roots-1024x487.jpeg\" class=\"attachment-large size-large wp-image-704\" alt=\"\" srcset=\"https:\/\/laura-dent.com\/wp-content\/uploads\/2023\/07\/all-on-6-dental-implants-banner-the-dental-roots-1024x487.jpeg 1024w, https:\/\/laura-dent.com\/wp-content\/uploads\/2023\/07\/all-on-6-dental-implants-banner-the-dental-roots-300x143.jpeg 300w, https:\/\/laura-dent.com\/wp-content\/uploads\/2023\/07\/all-on-6-dental-implants-banner-the-dental-roots-768x365.jpeg 768w, https:\/\/laura-dent.com\/wp-content\/uploads\/2023\/07\/all-on-6-dental-implants-banner-the-dental-roots.jpeg 1366w\" sizes=\"(max-width: 800px) 100vw, 800px\" \/>\t\t\t\t\t\t\t\t\t\t\t\t\t\t\t<\/div>\n\t\t\t\t<\/div>\n\t\t\t\t\t<\/div>\n\t\t<\/div>\n\t\t\t\t<div class=\"elementor-column elementor-col-50 elementor-top-column elementor-element elementor-element-0a8a886\" data-id=\"0a8a886\" data-element_type=\"column\">\n\t\t\t<div class=\"elementor-widget-wrap elementor-element-populated\">\n\t\t\t\t\t\t\t\t<div class=\"elementor-element elementor-element-e515010 elementor-widget elementor-widget-heading\" data-id=\"e515010\" data-element_type=\"widget\" data-widget_type=\"heading.default\">\n\t\t\t\t<div class=\"elementor-widget-container\">\n\t\t\t<h2 class=\"elementor-heading-title elementor-size-default\">\u00c7ka jan\u00eb implantet?<\/h2>\t\t<\/div>\n\t\t\t\t<\/div>\n\t\t\t\t<div class=\"elementor-element elementor-element-9f2c2c6 elementor-widget elementor-widget-text-editor\" data-id=\"9f2c2c6\" data-element_type=\"widget\" data-widget_type=\"text-editor.default\">\n\t\t\t\t<div class=\"elementor-widget-container\">\n\t\t\t<style>\/*! elementor - v3.13.3 - 28-05-2023 *\/\n.elementor-widget-text-editor.elementor-drop-cap-view-stacked .elementor-drop-cap{background-color:#69727d;color:#fff}.elementor-widget-text-editor.elementor-drop-cap-view-framed .elementor-drop-cap{color:#69727d;border:3px solid;background-color:transparent}.elementor-widget-text-editor:not(.elementor-drop-cap-view-default) .elementor-drop-cap{margin-top:8px}.elementor-widget-text-editor:not(.elementor-drop-cap-view-default) .elementor-drop-cap-letter{width:1em;height:1em}.elementor-widget-text-editor .elementor-drop-cap{float:left;text-align:center;line-height:1;font-size:50px}.elementor-widget-text-editor .elementor-drop-cap-letter{display:inline-block}<\/style>\t\t\t\t<p>Implantet dentare jan\u00eb procedura mjek\u00ebsore q\u00eb p\u00ebrdoren p\u00ebr t\u00eb z\u00ebvend\u00ebsuar humbjen e dh\u00ebmb\u00ebve t\u00eb natyrsh\u00ebm. Ato jan\u00eb struktura metalike t\u00eb vendosura n\u00eb kockat e dh\u00ebmb\u00ebve, dhe jan\u00eb p\u00ebrdorur me sukses p\u00ebr t\u00eb krijuar nj\u00eb baz\u00eb t\u00eb q\u00ebndrueshme p\u00ebr protezat e dh\u00ebmb\u00ebve t\u00eb rreme.<\/p><p>Procesi i vendosjes s\u00eb implantit dentar fillon me nj\u00eb ekzaminim t\u00eb plot\u00eb t\u00eb dh\u00ebmb\u00ebve dhe kockave t\u00eb hund\u00ebs p\u00ebr t\u00eb<span style=\"font-size: 1rem;\">\u00a0vler\u00ebsuar sh\u00eb<\/span><span style=\"font-size: 1rem;\">ndetin dhe kualitetin e tyre. Ne rast se kockat jan\u00eb t\u00eb forta dhe t\u00eb sh\u00ebndetshme, mjeku dentar vendos nj\u00eb implant metalik n\u00eb kock\u00eb duke perdorur nj\u00eb kirurgii t\u00eb vogel. Pas vendosjes s\u00eb implantit, procesi i sherimit fillon, ku kocka rreth implantit rritet dhe mban strukturen e re. Kjo \u00ebshte e r\u00ebnd\u00ebsishme p\u00ebr stabilitetin e protetik\u00ebs s\u00eb ardhshme.<\/span><\/p><p>Pas sh\u00ebrimit t\u00eb plot\u00eb t\u00eb kock\u00ebs, nje krone e ve\u00e7ante dentare ose nj\u00eb protez\u00eb fikse vendoset mbi implant p\u00ebr t\u00eb<span style=\"font-size: 1rem;\">\u00a0krijuar nje dhemb t\u00eb ri. Kjo protez\u00eb \u00eb<\/span><span style=\"font-size: 1rem;\">sht\u00eb e dizajnuar p\u00ebr t\u00eb pasqyruar forma dhe ngiyr\u00ebn e dh\u00ebmb\u00ebve t\u00eb tjer\u00eb t\u00eb natyrsh\u00ebm. Procesi mund t\u00eb zgjas\u00eb disa muaj, pasi koha e sherimit varion nga individi n\u00eb individ, por rezultati p\u00ebrfundimtar \u00ebsht\u00eb nj\u00eb dhemb i v\u00ebrtet\u00eb dhe funksional.<\/span><\/p><p><span style=\"font-size: 1rem;\">\u00a0<\/span><\/p>\t\t\t\t\t\t<\/div>\n\t\t\t\t<\/div>\n\t\t\t\t\t<\/div>\n\t\t<\/div>\n\t\t\t\t\t\t\t<\/div>\n\t\t<\/section>\n\t\t\t\t<section class=\"elementor-section elementor-top-section elementor-element elementor-element-ae05023 elementor-section-boxed elementor-section-height-default elementor-section-height-default\" data-id=\"ae05023\" data-element_type=\"section\">\n\t\t\t\t\t\t<div class=\"elementor-container elementor-column-gap-default\">\n\t\t\t\t\t<div class=\"elementor-column elementor-col-50 elementor-top-column elementor-element elementor-element-05f1a8f\" data-id=\"05f1a8f\" data-element_type=\"column\">\n\t\t\t<div class=\"elementor-widget-wrap elementor-element-populated\">\n\t\t\t\t\t\t\t\t<div class=\"elementor-element elementor-element-644c66f elementor-widget elementor-widget-heading\" data-id=\"644c66f\" data-element_type=\"widget\" data-widget_type=\"heading.default\">\n\t\t\t\t<div class=\"elementor-widget-container\">\n\t\t\t<h2 class=\"elementor-heading-title elementor-size-default\"><font face=\"Montserrat, sans-serif\"><span style=\"font-size: 31px; text-transform: uppercase;\">KUR DUHET T\u00cb VENDOSEN IMPLANTET?<\/span><\/font><\/h2>\t\t<\/div>\n\t\t\t\t<\/div>\n\t\t\t\t<div class=\"elementor-element elementor-element-97b386e elementor-widget elementor-widget-text-editor\" data-id=\"97b386e\" data-element_type=\"widget\" data-widget_type=\"text-editor.default\">\n\t\t\t\t<div class=\"elementor-widget-container\">\n\t\t\t\t\t\t\t<p>Vendosja e implantit dentar varet nga disa faktor\u00eb, n\u00ebse keni humbur nj\u00eb ose m\u00eb shum\u00eb dh\u00ebmb\u00eb t\u00eb natyrsh\u00ebm, keni kushte t\u00eb mira t\u00eb sh\u00ebndetit oral dhe kockat e hund\u00ebs jan\u00eb t\u00eb forta, implantet dentare mund t\u00eb jen\u00eb zgjidhja e duhur p\u00ebr ju. Giithashtu, n\u00ebse keni probleme me protezat e zakonshme, si q\u00ebndrueshm\u00ebri e dob\u00ebt ose p\u00ebshtym\u00ebzim, implantet dentare mund t&#8217;ju ofrojn\u00eb nj\u00eb zgjidhje te q\u00ebndrueshme dhe funksionale. Mjeku dentar do t\u00eb b\u00ebj\u00eb nj\u00eb ekzaminim t\u00eb plot\u00eb p\u00ebr t\u00eb vler\u00ebsuar sh\u00ebndetin tuaj oral dhe t\u00eb vendos\u00eb n\u00ebse implantet dentare jan\u00eb t\u00eb p\u00ebrshtatshme p\u00ebr ju.<\/p>\t\t\t\t\t\t<\/div>\n\t\t\t\t<\/div>\n\t\t\t\t<div class=\"elementor-element elementor-element-4538041 elementor-widget__width-initial elementor-widget elementor-widget-text-editor\" data-id=\"4538041\" data-element_type=\"widget\" data-widget_type=\"text-editor.default\">\n\t\t\t\t<div class=\"elementor-widget-container\">\n\t\t\t\t\t\t\t\t\t\t\t\t\t<\/div>\n\t\t\t\t<\/div>\n\t\t\t\t\t<\/div>\n\t\t<\/div>\n\t\t\t\t<div class=\"elementor-column elementor-col-50 elementor-top-column elementor-element elementor-element-12476c1\" data-id=\"12476c1\" data-element_type=\"column\">\n\t\t\t<div class=\"elementor-widget-wrap elementor-element-populated\">\n\t\t\t\t\t\t\t\t<div class=\"elementor-element elementor-element-7c6329c elementor-widget elementor-widget-image\" data-id=\"7c6329c\" data-element_type=\"widget\" data-widget_type=\"image.default\">\n\t\t\t\t<div class=\"elementor-widget-container\">\n\t\t\t\t\t\t\t\t\t\t\t\t\t\t\t<img loading=\"lazy\" decoding=\"async\" width=\"800\" height=\"444\" src=\"https:\/\/laura-dent.com\/wp-content\/uploads\/2023\/07\/dental-implants-0.jpeg\" class=\"attachment-large size-large wp-image-702\" alt=\"\" srcset=\"https:\/\/laura-dent.com\/wp-content\/uploads\/2023\/07\/dental-implants-0.jpeg 900w, https:\/\/laura-dent.com\/wp-content\/uploads\/2023\/07\/dental-implants-0-300x167.jpeg 300w, https:\/\/laura-dent.com\/wp-content\/uploads\/2023\/07\/dental-implants-0-768x427.jpeg 768w\" sizes=\"(max-width: 800px) 100vw, 800px\" \/>\t\t\t\t\t\t\t\t\t\t\t\t\t\t\t<\/div>\n\t\t\t\t<\/div>\n\t\t\t\t\t<\/div>\n\t\t<\/div>\n\t\t\t\t\t\t\t<\/div>\n\t\t<\/section>\n\t\t\t\t\t\t\t<\/div>\n\t\t","protected":false},"excerpt":{"rendered":"<p>IMPLANTET \u00c7ka jan\u00eb implantet? Implantet dentare jan\u00eb procedura mjek\u00ebsore q\u00eb p\u00ebrdoren p\u00ebr t\u00eb z\u00ebvend\u00ebsuar humbjen e dh\u00ebmb\u00ebve t\u00eb natyrsh\u00ebm. Ato jan\u00eb struktura metalike t\u00eb vendosura n\u00eb kockat e dh\u00ebmb\u00ebve, dhe jan\u00eb p\u00ebrdorur me sukses p\u00ebr t\u00eb krijuar nj\u00eb baz\u00eb t\u00eb q\u00ebndrueshme p\u00ebr protezat e dh\u00ebmb\u00ebve t\u00eb rreme. Procesi i vendosjes s\u00eb implantit dentar fillon me [&hellip;]<\/p>\n","protected":false},"author":1,"featured_media":0,"parent":0,"menu_order":0,"comment_status":"closed","ping_status":"closed","template":"elementor_header_footer","meta":{"footnotes":""},"_links":{"self":[{"href":"https:\/\/laura-dent.com\/index.php\/wp-json\/wp\/v2\/pages\/700"}],"collection":[{"href":"https:\/\/laura-dent.com\/index.php\/wp-json\/wp\/v2\/pages"}],"about":[{"href":"https:\/\/laura-dent.com\/index.php\/wp-json\/wp\/v2\/types\/page"}],"author":[{"embeddable":true,"href":"https:\/\/laura-dent.com\/index.php\/wp-json\/wp\/v2\/users\/1"}],"replies":[{"embeddable":true,"href":"https:\/\/laura-dent.com\/index.php\/wp-json\/wp\/v2\/comments?post=700"}],"version-history":[{"count":20,"href":"https:\/\/laura-dent.com\/index.php\/wp-json\/wp\/v2\/pages\/700\/revisions"}],"predecessor-version":[{"id":884,"href":"https:\/\/laura-dent.com\/index.php\/wp-json\/wp\/v2\/pages\/700\/revisions\/884"}],"wp:attachment":[{"href":"https:\/\/laura-dent.com\/index.php\/wp-json\/wp\/v2\/media?parent=700"}],"curies":[{"name":"wp","href":"https:\/\/api.w.org\/{rel}","templated":true}]}}